{"id":896,"date":"2025-08-30T15:12:16","date_gmt":"2025-08-30T13:12:16","guid":{"rendered":"https:\/\/workinprogress1.mf-demoserver.de\/?page_id=896"},"modified":"2025-12-08T14:45:31","modified_gmt":"2025-12-08T13:45:31","slug":"about","status":"publish","type":"page","link":"https:\/\/www.wolframglaser.de\/?page_id=896","title":{"rendered":"About"},"content":{"rendered":"<p>[et_pb_section fb_built=&#8220;1&#8243; make_equal=&#8220;on&#8220; specialty=&#8220;on&#8220; background_color_2=&#8220;#FFFFFF&#8220; padding_top_1=&#8220;16vw&#8220; padding_bottom_1=&#8220;16vw&#8220; padding_top_bottom_link_1=&#8220;true&#8220; padding_left_right_link_1=&#8220;false&#8220; admin_label=&#8220;Sektion &#8211; About Wolfram Glaser &#8211; fotografie &#038; film&#8220; _builder_version=&#8220;4.27.4&#8243; _module_preset=&#8220;default&#8220; background_color=&#8220;RGBA(255,255,255,0)&#8220; use_background_color_gradient=&#8220;on&#8220; background_color_gradient_direction=&#8220;90deg&#8220; background_color_gradient_stops=&#8220;rgba(0,0,0,0.8) 20%|rgba(0, 0, 0, 0.5) 62%|#ffffff 62%&#8220; background_color_gradient_overlays_image=&#8220;on&#8220; background_image=&#8220;https:\/\/wolframglaser.de\/wp-content\/uploads\/2025\/07\/provinz-sportplaetze-machtlfing-bogenschiessen-01-768&#215;512-1.jpg&#8220; overflow-x=&#8220;hidden&#8220; overflow-y=&#8220;hidden&#8220; custom_padding=&#8220;0vw|0px|0vw||true|false&#8220; locked=&#8220;off&#8220; global_colors_info=&#8220;{}&#8220;][et_pb_column type=&#8220;1_2&#8243; _builder_version=&#8220;4.16&#8243; _module_preset=&#8220;default&#8220; custom_padding=&#8220;|||&#8220; global_colors_info=&#8220;{}&#8220; custom_padding__hover=&#8220;|||&#8220;][et_pb_text admin_label=&#8220;headline &#8211; Wolfram Glaser &#8220; _builder_version=&#8220;4.27.4&#8243; _module_preset=&#8220;c6bc1d56-5ddd-4a5b-8628-8d28c4998ac4&#8243; header_font=&#8220;&#8211;et_global_heading_font|&#8211;et_global_heading_font_weight||on|||||&#8220; header_text_color=&#8220;#FFFFFF&#8220; header_font_size=&#8220;60px&#8220; header_line_height=&#8220;1em&#8220; locked=&#8220;off&#8220; global_colors_info=&#8220;{}&#8220;]<\/p>\n<h1>Wolfram<br \/>Glaser<\/h1>\n<p>[\/et_pb_text][et_pb_image src=&#8220;https:\/\/wolframglaser.de\/wp-content\/uploads\/2025\/07\/logo_wolfram_glaser_0625_weiss_blau_ohne.png&#8220; alt=&#8220;Logo blau &#8211; weiss &#8211; Wolfram Glaser &#8211; fotografie &#038; film&#8220; title_text=&#8220;logo_wolfram_glaser_0625_weiss_blau_ohne&#8220; admin_label=&#8220;Bild Logo &#8211; weiss &#8211; blau &#8211; Wolfram Glaser &#8211; fotografie &#038; film&#8220; _builder_version=&#8220;4.27.4&#8243; _module_preset=&#8220;default&#8220; width=&#8220;100%&#8220; width_tablet=&#8220;60%&#8220; width_phone=&#8220;66%&#8220; width_last_edited=&#8220;on|tablet&#8220; custom_margin=&#8220;0px|||-22px|false|false&#8220; custom_margin_tablet=&#8220;|||0px|false|false&#8220; custom_margin_phone=&#8220;0px||0px|-10px|false|false&#8220; custom_margin_last_edited=&#8220;on|tablet&#8220; global_colors_info=&#8220;{}&#8220;][\/et_pb_image][\/et_pb_column][et_pb_column type=&#8220;1_2&#8243; specialty_columns=&#8220;2&#8243; _builder_version=&#8220;4.16&#8243; _module_preset=&#8220;default&#8220; custom_padding=&#8220;|||&#8220; global_colors_info=&#8220;{}&#8220; custom_padding__hover=&#8220;|||&#8220;][et_pb_row_inner admin_label=&#8220;Zeile &#8211; Foto &#8211; Portrait &#8211; Wolfram Glaser&#8220; _builder_version=&#8220;4.27.4&#8243; _module_preset=&#8220;default&#8220; custom_padding=&#8220;0px||0px|||&#8220; global_colors_info=&#8220;{}&#8220;][et_pb_column_inner saved_specialty_column_type=&#8220;1_2&#8243; _builder_version=&#8220;4.20.0&#8243; _module_preset=&#8220;default&#8220; global_colors_info=&#8220;{}&#8220;][et_pb_image src=&#8220;https:\/\/wolframglaser.de\/wp-content\/uploads\/2025\/07\/2408-dinkelscherben-023.jpg&#8220; alt=&#8220;Fotografie Dinkelscherben &#8211; Wolfram Glase &#8211; studio &#038; event fotografie &#038; film&#8220; title_text=&#8220;Dinkelscherben&#8220; admin_label=&#8220;Foto &#8211; Dinkelscherben &#8211; Wolfram Glaser &#8211; fotografie &#038; film&#8220; _builder_version=&#8220;4.27.4&#8243; _module_preset=&#8220;default&#8220; custom_margin=&#8220;|-20vw|||false|false&#8220; locked=&#8220;off&#8220; global_colors_info=&#8220;{}&#8220;][\/et_pb_image][\/et_pb_column_inner][\/et_pb_row_inner][et_pb_row_inner admin_label=&#8220;Zeile &#8211; About Fotograf Wolfram Glaser&#8220; _builder_version=&#8220;4.27.4&#8243; _module_preset=&#8220;default&#8220; background_color=&#8220;#FFFFFF&#8220; custom_margin=&#8220;20px|||40px|false|false&#8220; global_colors_info=&#8220;{}&#8220;][et_pb_column_inner saved_specialty_column_type=&#8220;1_2&#8243; _builder_version=&#8220;4.20.0&#8243; _module_preset=&#8220;default&#8220; global_colors_info=&#8220;{}&#8220;][et_pb_text content_tablet=&#8220;<\/p>\n<h1><span>Wolfram Glaser &#8211; About<\/span><\/h1>\n<p>&#8220; content_phone=&#8220;<\/p>\n<h1><span>Wolfram Glaser &#8211; About<\/span><\/h1>\n<p>&#8220; content_last_edited=&#8220;on|phone&#8220; admin_label=&#8220;Headline &#8211; Wolfram Glaser &#8211; About&#8220; _builder_version=&#8220;4.27.4&#8243; _module_preset=&#8220;ff26786f-d744-4d15-b37c-6b735fbd9b0f&#8220; text_font=&#8220;&#8211;et_global_body_font|&#8211;et_global_body_font_weight|||||||&#8220; text_font_size=&#8220;19px&#8220; text_line_height=&#8220;1.4em&#8220; header_font=&#8220;&#8211;et_global_heading_font|600||on|||||&#8220; header_font_size=&#8220;28px&#8220; custom_padding_tablet=&#8220;0px||30px|30px|false|false&#8220; custom_padding_phone=&#8220;0px||||false|false&#8220; custom_padding_last_edited=&#8220;off|desktop&#8220; locked=&#8220;off&#8220; global_colors_info=&#8220;{}&#8220;]<\/p>\n<h1><span>Wolfram Glaser &#8211; About<\/span><\/h1>\n<p>[\/et_pb_text][et_pb_text admin_label=&#8220;Text &#8211; Kurzfassung Fotograf Wolfram Glaser&#8220; _builder_version=&#8220;4.27.4&#8243; _module_preset=&#8220;ff26786f-d744-4d15-b37c-6b735fbd9b0f&#8220; text_font=&#8220;&#8211;et_global_body_font|&#8211;et_global_body_font_weight|||||||&#8220; text_font_size=&#8220;19px&#8220; text_line_height=&#8220;1.4em&#8220; custom_margin=&#8220;||0px||false|false&#8220; custom_margin_tablet=&#8220;&#8220; custom_margin_phone=&#8220;|30px|||false|false&#8220; custom_margin_last_edited=&#8220;on|desktop&#8220; custom_padding_tablet=&#8220;0px||30px|30px|false|false&#8220; custom_padding_phone=&#8220;0px||||false|false&#8220; custom_padding_last_edited=&#8220;off|desktop&#8220; locked=&#8220;off&#8220; global_colors_info=&#8220;{}&#8220;]<\/p>\n<p><span>In meinem ersten Berufsleben habe ich als freier Journalist und Fotograf gearbeitet. Danach war ich lang im Sozialbereich t\u00e4tig und habe in einem Unternehmen der Arbeiterwohlfahrt M\u00fcnchen Projekte zur beruflichen Integration von Jugendlichen konzipiert und geleitet. Ich bin immer noch ehrenamtlich t\u00e4tig, arbeite seit einigen Jahren aber wieder haupts\u00e4chlich im Foto- und Text-Bereich.<\/span><\/p>\n<p>[\/et_pb_text][\/et_pb_column_inner][\/et_pb_row_inner][\/et_pb_column][\/et_pb_section][et_pb_section fb_built=&#8220;1&#8243; admin_label=&#8220;Sektion &#8211; Headline &#8211; About &#8211; Wolfram Glaser&#8220; _builder_version=&#8220;4.27.4&#8243; _module_preset=&#8220;default&#8220; background_color=&#8220;#5E615D&#8220; locked=&#8220;off&#8220; collapsed=&#8220;off&#8220; global_colors_info=&#8220;{}&#8220;][et_pb_row admin_label=&#8220;Zeile &#8211; Headline &#8211; About &#8211; Wolfram Glaser&#8220; _builder_version=&#8220;4.27.4&#8243; _module_preset=&#8220;default&#8220; custom_margin=&#8220;||-100px||false|false&#8220; global_colors_info=&#8220;{}&#8220;][et_pb_column type=&#8220;4_4&#8243; _builder_version=&#8220;4.20.0&#8243; _module_preset=&#8220;default&#8220; global_colors_info=&#8220;{}&#8220;][et_pb_text admin_label=&#8220;Headline &#8211; Wolfram Glaser &#8211; About&#8220; _builder_version=&#8220;4.27.4&#8243; _module_preset=&#8220;c6bc1d56-5ddd-4a5b-8628-8d28c4998ac4&#8243; header_font=&#8220;&#8211;et_global_heading_font|&#8211;et_global_heading_font_weight||on|||||&#8220; header_text_color=&#8220;#FFFFFF&#8220; header_font_size=&#8220;60px&#8220; header_line_height=&#8220;1em&#8220; header_font_size_tablet=&#8220;60px&#8220; header_font_size_phone=&#8220;34px&#8220; header_font_size_last_edited=&#8220;on|phone&#8220; locked=&#8220;off&#8220; global_colors_info=&#8220;{}&#8220;]<\/p>\n<h1>About<\/h1>\n<p>[\/et_pb_text][et_pb_text admin_label=&#8220;Text &#8211; About &#8211; Bedeutung Fotografie &#8211; Wolfram Glaser&#8220; _builder_version=&#8220;4.27.4&#8243; _module_preset=&#8220;ab642b99-3cbf-494a-be3a-6a6745d114f5&#8243; text_font=&#8220;&#8211;et_global_body_font||||||||&#8220; text_text_color=&#8220;#FFFFFF&#8220; text_font_size=&#8220;19px&#8220; text_line_height=&#8220;1.4em&#8220; header_font=&#8220;&#8211;et_global_heading_font|600|||||||&#8220; header_text_color=&#8220;#FFFFFF&#8220; header_font_size=&#8220;19px&#8220; header_line_height=&#8220;1.4em&#8220; header_font_size_tablet=&#8220;16px&#8220; header_font_size_phone=&#8220;14px&#8220; header_font_size_last_edited=&#8220;on|phone&#8220; global_colors_info=&#8220;{}&#8220;]<\/p>\n<p>Wenn ich mit der Kamera durch einen Ort oder durch ein sch\u00f6nes St\u00fcck Natur laufe, leert sich im besten Fall zuerst der Kopf, manchmal f\u00e4llt mir dann auch etwas Gutes ein.<\/p>\n<p>[\/et_pb_text][\/et_pb_column][\/et_pb_row][\/et_pb_section][et_pb_section fb_built=&#8220;1&#8243; admin_label=&#8220;Sektion &#8211; About &#8211; Wolfram Glaser&#8220; _builder_version=&#8220;4.27.4&#8243; _module_preset=&#8220;default&#8220; background_color=&#8220;#5E615D&#8220; collapsed=&#8220;off&#8220; global_colors_info=&#8220;{}&#8220;][et_pb_row column_structure=&#8220;1_2,1_2&#8243; admin_label=&#8220;Zeile &#8211; About &#8211; Wolfram Glaser&#8220; _builder_version=&#8220;4.27.4&#8243; _module_preset=&#8220;default&#8220; global_colors_info=&#8220;{}&#8220;][et_pb_column type=&#8220;1_2&#8243; _builder_version=&#8220;4.20.0&#8243; _module_preset=&#8220;default&#8220; custom_padding_tablet=&#8220;||30px||false|false&#8220; custom_padding_phone=&#8220;||30px||false|false&#8220; custom_padding_last_edited=&#8220;on|tablet&#8220; global_colors_info=&#8220;{}&#8220;][et_pb_image src=&#8220;https:\/\/wolframglaser.de\/wp-content\/uploads\/2025\/08\/2008-about-me-005_hg_grau.jpg&#8220; alt=&#8220;Wolfram Glaser &#8211; fotografie &#038; film&#8220; title_text=&#8220;2008-about-me-005_hg_grau&#8220; show_in_lightbox=&#8220;on&#8220; admin_label=&#8220;Foto &#8211; Fotograf Wolfram Glaser&#8220; _builder_version=&#8220;4.27.4&#8243; _module_preset=&#8220;default&#8220; background_color=&#8220;rgba(0,0,0,0.04)&#8220; custom_margin=&#8220;||||false|false&#8220; box_shadow_style=&#8220;preset4&#8243; box_shadow_horizontal=&#8220;0px&#8220; box_shadow_vertical=&#8220;0px&#8220; box_shadow_color=&#8220;rgba(0,0,0,0.05)&#8220; global_colors_info=&#8220;{}&#8220; custom_padding__hover_enabled=&#8220;off|hover&#8220; custom_padding__hover=&#8220;50px|50px|50px|50px|true|true&#8220; box_shadow_vertical__hover_enabled=&#8220;off|hover&#8220; box_shadow_blur__hover_enabled=&#8220;off|hover&#8220; box_shadow_blur__hover=&#8220;0px&#8220; box_shadow_color__hover_enabled=&#8220;off|hover&#8220; box_shadow_color__hover=&#8220;rgba(0,0,0,0.3)&#8220; custom_margin__hover_enabled=&#8220;off|hover&#8220; custom_margin__hover=&#8220;||62px||false|false&#8220; transform_styles__hover_enabled=&#8220;on|hover&#8220; transform_scale__hover_enabled=&#8220;on|hover&#8220; transform_translate__hover_enabled=&#8220;on|desktop&#8220; transform_rotate__hover_enabled=&#8220;on|desktop&#8220; transform_skew__hover_enabled=&#8220;on|desktop&#8220; transform_origin__hover_enabled=&#8220;on|desktop&#8220; transform_scale__hover=&#8220;90%|90%&#8220; box_shadow_spread__hover_enabled=&#8220;on|hover&#8220; box_shadow_spread__hover=&#8220;30px&#8220;][\/et_pb_image][\/et_pb_column][et_pb_column type=&#8220;1_2&#8243; _builder_version=&#8220;4.20.0&#8243; _module_preset=&#8220;default&#8220; global_colors_info=&#8220;{}&#8220;][\/et_pb_column][\/et_pb_row][et_pb_row admin_label=&#8220;Zeile &#8211; About &#8211; Wolfram Glaser &#8211; Mein Weg&#8220; _builder_version=&#8220;4.27.4&#8243; _module_preset=&#8220;default&#8220; custom_margin=&#8220;||||true|false&#8220; global_colors_info=&#8220;{}&#8220;][et_pb_column type=&#8220;4_4&#8243; _builder_version=&#8220;4.20.0&#8243; _module_preset=&#8220;default&#8220; global_colors_info=&#8220;{}&#8220;][et_pb_text admin_label=&#8220;Headline &#8211; Mein Weg, mein Blick: Wie mich das Leben zur Fotografie f\u00fchrte &#8211; Wolfram Glaser&#8220; _builder_version=&#8220;4.27.4&#8243; _module_preset=&#8220;ff26786f-d744-4d15-b37c-6b735fbd9b0f&#8220; text_font=&#8220;&#8211;et_global_body_font|&#8211;et_global_body_font_weight|||||||&#8220; text_font_size=&#8220;19px&#8220; text_line_height=&#8220;1.4em&#8220; header_font=&#8220;&#8211;et_global_heading_font|600||on|||||&#8220; header_text_color=&#8220;#FFFFFF&#8220; header_font_size=&#8220;28px&#8220; custom_padding_tablet=&#8220;0px||30px|30px|false|false&#8220; custom_padding_phone=&#8220;0px||||false|false&#8220; custom_padding_last_edited=&#8220;off|desktop&#8220; locked=&#8220;off&#8220; global_colors_info=&#8220;{}&#8220;]<\/p>\n<h1>Jedes Leben hat einen Weg<\/h1>\n<p>[\/et_pb_text][et_pb_text admin_label=&#8220;Text &#8211; About Wolfram Glaser &#8211; Vita&#8220; _builder_version=&#8220;4.27.4&#8243; _module_preset=&#8220;ab642b99-3cbf-494a-be3a-6a6745d114f5&#8243; text_font=&#8220;&#8211;et_global_body_font||||||||&#8220; text_text_color=&#8220;#FFFFFF&#8220; text_font_size=&#8220;19px&#8220; text_line_height=&#8220;1.4em&#8220; header_font=&#8220;&#8211;et_global_heading_font|600|||||||&#8220; header_text_color=&#8220;#FFFFFF&#8220; header_font_size=&#8220;19px&#8220; header_line_height=&#8220;1.4em&#8220; custom_margin=&#8220;-20px||||false|false&#8220; locked=&#8220;off&#8220; global_colors_info=&#8220;{}&#8220;]<\/p>\n<p>Den Gro\u00dfteil meines Lebens habe ich in Vororten gelebt, als Student im Konstanzer Stadtteil Wollmatingen, sp\u00e4ter in M\u00fcnchen Giesing, im klassischen Wohn-und-Schlaf-Vorort Neuaubing, in Pasing, in der der M\u00fcnchner Speckg\u00fcrtel-Kommune Gauting und jetzt in der kleinen, emsigen Kreisstadt F\u00fcrstenfeldbruck.<\/p>\n<p>Diese Lebensumwelt hat meinen Blick gepr\u00e4gt. Ich habe auch immer gern Vorort-Musik geh\u00f6rt, englischen Pop meistens. The Jam, The Beatles, The Kinks, \u201eSound oft he Suburbs\u201c (The Members). Heute fahre ich gern in die Provinz und laufe dort durch die Gegend. Die Ortschaften sind \u00fcberraschender als die Metropolen, deren Innenst\u00e4dte durch die immer gleichen Gesch\u00e4fte sehr eint\u00f6nig geworden sind.<\/p>\n<p>Daneben arbeite ich ein paar Gro\u00dfst\u00e4dte thematisch ab, in erster Linie Wien, polnische St\u00e4dte wie Breslau, Krakau und Lodz, sowie in Deutschland Hamburg und M\u00fcnchen. Hier, wo ich wohne, finde ich es am schwierigsten, einen neugierigen fotografischen Blick hinzubekommen. Dazu muss man sich durch die Umgebung treiben lassen k\u00f6nnen. Am Wohnort ist der Weg zur Arbeit, zum Arzt oder zum Supermarkt aber so bestimmend, dass ich mich nur schwer beim Laufen durch die Stra\u00dfen entspannen kann. In Wien und Hamburg bin ich \u00f6fter und kenne mich aus. Das gibt mir die M\u00f6glichkeit, die Stadt so abzubilden, wie ich sie sehe. In Wien geh\u00f6rt ein architektonischer Prachtbau wie die Strudlhofstiege ebenso dazu wie die ehemaligen Arbeiter- und Kleine-Leute-Viertel Favoriten, Ottakring und Hernals, die heute haupts\u00e4chlich von Menschen mit Migrationshintergrund bewohnt werden. Die Stadt lebt weiter und entwickelt sich, so bleibt sie sich selbst treu.<\/p>\n<p>Ich habe auch immer gern Menschen fotografiert, lange haupts\u00e4chlich im Studio in den klassischen Bereichen Portrait und Akt, heute lieber \u201aon location\u2018. Ich mache vor allem Portraits von K\u00fcnstlern im Umkreis des M\u00fcnchner Stadtteils Moosach.<\/p>\n<p>Zur Technik: Ich fotografiere und filme mit einer Canon EOS R5, bei Ausfl\u00fcgen und Reisen habe ich meistens nur eine Fujifilm X100VI mit Festbrennweite dabei. Zum Entwickeln benutze ich zu 95 Prozent Adobe Lightroom Classic, bei besonderen Anforderungen (z.B. Hautretusche) kommt Adobe Photoshop dazu. Meine Filme bearbeite ich in Adobe Premiere Pro. Die Layout-Vorlage f\u00fcr mein Konstanz Buch habe ich mit Affinity Publisher gemacht.<\/p>\n<p>Diese Website wurde gestaltet von Monika Fischer:<br \/><a href=\"http:\/\/www.mf-mediengestaltung.de\">www.mf-mediengestaltung.de<\/a>\u00a0<\/p>\n<p>[\/et_pb_text][\/et_pb_column][\/et_pb_row][\/et_pb_section][et_pb_section fb_built=&#8220;1&#8243; admin_label=&#8220;Sektion &#8211; Kontakt&#8220; _builder_version=&#8220;4.27.4&#8243; _module_preset=&#8220;default&#8220; background_color=&#8220;#000000&#8243; use_background_color_gradient=&#8220;on&#8220; background_color_gradient_direction=&#8220;90deg&#8220; background_color_gradient_stops=&#8220;rgba(0,0,0,0.8) 44%|rgba(0, 0, 0, 0.5) 100%|#ffffff 100%&#8220; background_color_gradient_overlays_image=&#8220;on&#8220; background_image=&#8220;https:\/\/wolframglaser.de\/wp-content\/uploads\/2025\/07\/2104-gauting-041.jpg&#8220; background_position=&#8220;top_center&#8220; locked=&#8220;off&#8220; collapsed=&#8220;off&#8220; global_colors_info=&#8220;{}&#8220;][et_pb_row admin_label=&#8220;Zeile &#8211; Headline &#8211; Wolfram Glaser &#8211; Kontakt&#8220; _builder_version=&#8220;4.27.4&#8243; _module_preset=&#8220;default&#8220; locked=&#8220;off&#8220; global_colors_info=&#8220;{}&#8220;][et_pb_column type=&#8220;4_4&#8243; _builder_version=&#8220;4.20.0&#8243; _module_preset=&#8220;default&#8220; global_colors_info=&#8220;{}&#8220;][et_pb_text admin_label=&#8220;Headline &#8211; Wolfram Glaser &#8211; Kontakt&#8220; _builder_version=&#8220;4.27.4&#8243; _module_preset=&#8220;c6bc1d56-5ddd-4a5b-8628-8d28c4998ac4&#8243; header_font=&#8220;&#8211;et_global_heading_font|&#8211;et_global_heading_font_weight||on|||||&#8220; header_text_color=&#8220;#FFFFFF&#8220; header_font_size=&#8220;53px&#8220; header_line_height=&#8220;1em&#8220; header_font_size_tablet=&#8220;54px&#8220; header_font_size_phone=&#8220;34px&#8220; header_font_size_last_edited=&#8220;on|phone&#8220; locked=&#8220;off&#8220; global_colors_info=&#8220;{}&#8220;]<\/p>\n<h1>Kontakt<\/h1>\n<p>[\/et_pb_text][\/et_pb_column][\/et_pb_row][et_pb_row column_structure=&#8220;1_3,2_3&#8243; admin_label=&#8220;Zeile &#8211; Kontaktdaten&#8220; _builder_version=&#8220;4.27.4&#8243; _module_preset=&#8220;default&#8220; custom_padding=&#8220;||0px||false|false&#8220; global_colors_info=&#8220;{}&#8220;][et_pb_column type=&#8220;1_3&#8243; _builder_version=&#8220;4.20.0&#8243; _module_preset=&#8220;default&#8220; global_colors_info=&#8220;{}&#8220;][et_pb_text admin_label=&#8220;Headline &#8211; Fotograf &#8211; Wolfram Glaser&#8220; _builder_version=&#8220;4.27.4&#8243; _module_preset=&#8220;ff26786f-d744-4d15-b37c-6b735fbd9b0f&#8220; text_font=&#8220;&#8211;et_global_body_font|&#8211;et_global_body_font_weight|||||||&#8220; text_font_size=&#8220;19px&#8220; text_line_height=&#8220;1.4em&#8220; header_font=&#8220;&#8211;et_global_heading_font|||on|||||&#8220; header_text_color=&#8220;#FFFFFF&#8220; header_font_size=&#8220;31px&#8220; custom_padding_tablet=&#8220;0px||30px|30px|false|false&#8220; custom_padding_phone=&#8220;0px||||false|false&#8220; custom_padding_last_edited=&#8220;off|desktop&#8220; header_text_color_tablet=&#8220;#FFFFFF&#8220; header_text_color_phone=&#8220;#FFFFFF&#8220; header_text_color_last_edited=&#8220;on|phone&#8220; header_font_size_tablet=&#8220;31px&#8220; header_font_size_phone=&#8220;26px&#8220; header_font_size_last_edited=&#8220;on|phone&#8220; locked=&#8220;off&#8220; global_colors_info=&#8220;{}&#8220;]<\/p>\n<h1><span>Wolfram Glaser<\/span><\/h1>\n<p>[\/et_pb_text][et_pb_text admin_label=&#8220;Text &#8211; Adressdaten&#8220; _builder_version=&#8220;4.27.4&#8243; _module_preset=&#8220;ab642b99-3cbf-494a-be3a-6a6745d114f5&#8243; text_font=&#8220;&#8211;et_global_body_font|600|||||||&#8220; text_text_color=&#8220;#FFFFFF&#8220; text_font_size=&#8220;19px&#8220; text_line_height=&#8220;1.4em&#8220; header_font=&#8220;&#8211;et_global_heading_font|600|||||||&#8220; header_text_color=&#8220;#FFFFFF&#8220; header_font_size=&#8220;19px&#8220; header_line_height=&#8220;1.4em&#8220; locked=&#8220;off&#8220; global_colors_info=&#8220;{}&#8220;]<\/p>\n<p>Julie-Mayr-Str. 4 \u00b7 82256 F\u00fcrstenfeldbruck<\/p>\n<p>[\/et_pb_text][et_pb_text admin_label=&#8220;Text &#8211; Telefonnummern&#8220; _builder_version=&#8220;4.27.4&#8243; _module_preset=&#8220;ab642b99-3cbf-494a-be3a-6a6745d114f5&#8243; text_font=&#8220;&#8211;et_global_body_font|600|||||||&#8220; text_text_color=&#8220;#FFFFFF&#8220; text_font_size=&#8220;19px&#8220; text_line_height=&#8220;1.4em&#8220; header_font=&#8220;&#8211;et_global_heading_font|600|||||||&#8220; header_text_color=&#8220;#FFFFFF&#8220; header_font_size=&#8220;19px&#8220; header_line_height=&#8220;1.4em&#8220; custom_margin=&#8220;-20px||||false|false&#8220; locked=&#8220;off&#8220; global_colors_info=&#8220;{}&#8220;]<\/p>\n<p>0171-282 77 14<\/p>\n<p>[\/et_pb_text][et_pb_text admin_label=&#8220;Text &#8211;  E-Mail: wolfram-glaser@t-online.de&#8220; _builder_version=&#8220;4.27.4&#8243; _module_preset=&#8220;ab642b99-3cbf-494a-be3a-6a6745d114f5&#8243; text_font=&#8220;&#8211;et_global_body_font|600|||||||&#8220; text_text_color=&#8220;#007EC6&#8243; text_font_size=&#8220;19px&#8220; text_line_height=&#8220;1.4em&#8220; header_font=&#8220;&#8211;et_global_heading_font|600|||||||&#8220; header_text_color=&#8220;#FFFFFF&#8220; header_font_size=&#8220;19px&#8220; header_line_height=&#8220;1.4em&#8220; custom_margin=&#8220;-20px||||false|false&#8220; link_option_url=&#8220;mailto:wolfram-glaser@t-online.de&#8220; locked=&#8220;off&#8220; global_colors_info=&#8220;{}&#8220;]<\/p>\n<p>wolfram-glaser@t-online.de<\/p>\n<p>[\/et_pb_text][et_pb_text admin_label=&#8220;Text &#8211; Domainadresse &#8211; www.wolframglaser.de&#8220; _builder_version=&#8220;4.27.4&#8243; _module_preset=&#8220;ab642b99-3cbf-494a-be3a-6a6745d114f5&#8243; text_font=&#8220;&#8211;et_global_body_font|600|||||||&#8220; text_text_color=&#8220;#FFFFFF&#8220; text_font_size=&#8220;19px&#8220; text_line_height=&#8220;1.4em&#8220; header_font=&#8220;&#8211;et_global_heading_font|600|||||||&#8220; header_text_color=&#8220;#FFFFFF&#8220; header_font_size=&#8220;19px&#8220; header_line_height=&#8220;1.4em&#8220; custom_margin=&#8220;-20px||||false|false&#8220; locked=&#8220;off&#8220; global_colors_info=&#8220;{}&#8220;]<\/p>\n<p>www.wolframglaser.de<\/p>\n<p>[\/et_pb_text][et_pb_image src=&#8220;https:\/\/wolframglaser.de\/wp-content\/uploads\/2025\/07\/logo_wolfram_glaser_0625_weiss_blau_ohne.png&#8220; alt=&#8220;Logo blau &#8211; weiss &#8211; Wolfram Glaser &#8211; fotografie &#038; film&#8220; title_text=&#8220;logo_wolfram_glaser_0625_weiss_blau_ohne&#8220; admin_label=&#8220;Logo &#8211; Wolfram Glaser &#8211; fotografie &#038; film&#8220; _builder_version=&#8220;4.27.4&#8243; _module_preset=&#8220;default&#8220; global_colors_info=&#8220;{}&#8220;][\/et_pb_image][\/et_pb_column][et_pb_column type=&#8220;2_3&#8243; _builder_version=&#8220;4.20.0&#8243; _module_preset=&#8220;default&#8220; global_colors_info=&#8220;{}&#8220;][et_pb_image src=&#8220;https:\/\/wolframglaser.de\/wp-content\/uploads\/2025\/08\/about_header-700&#215;210-1.jpg&#8220; alt=&#8220;Wolfram Glaser &#8211; fotografie &#038; film&#8220; title_text=&#8220;about_header-700&#215;210&#8243; admin_label=&#8220;Foto &#8211; Bank &#8211; Wolfram Glaser&#8220; _builder_version=&#8220;4.27.4&#8243; _module_preset=&#8220;default&#8220; border_width_all=&#8220;5px&#8220; border_color_all=&#8220;#FFFFFF&#8220; global_colors_info=&#8220;{}&#8220;][\/et_pb_image][\/et_pb_column][\/et_pb_row][et_pb_row column_structure=&#8220;1_2,1_2&#8243; disabled_on=&#8220;off|off|off&#8220; admin_label=&#8220;Zeile &#8211; Button &#8211; Kontakt&#8220; _builder_version=&#8220;4.27.4&#8243; _module_preset=&#8220;default&#8220; custom_margin=&#8220;50px||||false|false&#8220; custom_padding=&#8220;0px||0px|||&#8220; locked=&#8220;off&#8220; global_colors_info=&#8220;{}&#8220;][et_pb_column type=&#8220;1_2&#8243; saved_specialty_column_type=&#8220;1_2&#8243; _builder_version=&#8220;4.20.0&#8243; _module_preset=&#8220;default&#8220; global_colors_info=&#8220;{}&#8220;][\/et_pb_column][et_pb_column type=&#8220;1_2&#8243; saved_specialty_column_type=&#8220;1_2&#8243; _builder_version=&#8220;4.20.0&#8243; _module_preset=&#8220;default&#8220; global_colors_info=&#8220;{}&#8220;][et_pb_button button_url=&#8220;mailto:wolfram-glaser@t-online.de&#8220; button_text=&#8220;Kontakt&#8220; button_alignment=&#8220;right&#8220; admin_label=&#8220;Button &#8211; Kontakt&#8220; _builder_version=&#8220;4.27.4&#8243; _module_preset=&#8220;f32af4d2-1eff-4fbb-8931-003f09218bf8&#8243; button_text_size=&#8220;17px&#8220; button_bg_color=&#8220;#007EC6&#8243; button_font=&#8220;&#8211;et_global_body_font|600||on|||||&#8220; button_use_icon=&#8220;off&#8220; locked=&#8220;off&#8220; global_colors_info=&#8220;{}&#8220;][\/et_pb_button][\/et_pb_column][\/et_pb_row][\/et_pb_section]<\/p>\n","protected":false},"excerpt":{"rendered":"<p>WolframGlaserWolfram Glaser &#8211; AboutIn meinem ersten Berufsleben habe ich als freier Journalist und Fotograf gearbeitet. Danach war ich lang im Sozialbereich t\u00e4tig und habe in einem Unternehmen der Arbeiterwohlfahrt M\u00fcnchen Projekte zur beruflichen Integration von Jugendlichen konzipiert und geleitet. Ich bin immer noch ehrenamtlich t\u00e4tig, arbeite seit einigen Jahren aber wieder haupts\u00e4chlich im Foto- und [&hellip;]<\/p>\n","protected":false},"author":1,"featured_media":0,"parent":0,"menu_order":3,"comment_status":"closed","ping_status":"closed","template":"","meta":{"_et_pb_use_builder":"on","_et_pb_old_content":"","_et_gb_content_width":"","footnotes":""},"class_list":["post-896","page","type-page","status-publish","hentry"],"_links":{"self":[{"href":"https:\/\/www.wolframglaser.de\/index.php?rest_route=\/wp\/v2\/pages\/896","targetHints":{"allow":["GET"]}}],"collection":[{"href":"https:\/\/www.wolframglaser.de\/index.php?rest_route=\/wp\/v2\/pages"}],"about":[{"href":"https:\/\/www.wolframglaser.de\/index.php?rest_route=\/wp\/v2\/types\/page"}],"author":[{"embeddable":true,"href":"https:\/\/www.wolframglaser.de\/index.php?rest_route=\/wp\/v2\/users\/1"}],"replies":[{"embeddable":true,"href":"https:\/\/www.wolframglaser.de\/index.php?rest_route=%2Fwp%2Fv2%2Fcomments&post=896"}],"version-history":[{"count":57,"href":"https:\/\/www.wolframglaser.de\/index.php?rest_route=\/wp\/v2\/pages\/896\/revisions"}],"predecessor-version":[{"id":1585,"href":"https:\/\/www.wolframglaser.de\/index.php?rest_route=\/wp\/v2\/pages\/896\/revisions\/1585"}],"wp:attachment":[{"href":"https:\/\/www.wolframglaser.de\/index.php?rest_route=%2Fwp%2Fv2%2Fmedia&parent=896"}],"curies":[{"name":"wp","href":"https:\/\/api.w.org\/{rel}","templated":true}]}}