{"id":667,"date":"2025-08-07T16:20:27","date_gmt":"2025-08-07T14:20:27","guid":{"rendered":"https:\/\/workinprogress1.mf-demoserver.de\/?page_id=667"},"modified":"2025-12-08T14:42:40","modified_gmt":"2025-12-08T13:42:40","slug":"portraits","status":"publish","type":"page","link":"https:\/\/www.wolframglaser.de\/?page_id=667","title":{"rendered":"Portraits"},"content":{"rendered":"<p>[et_pb_section fb_built=&#8220;1&#8243; make_equal=&#8220;on&#8220; specialty=&#8220;on&#8220; background_color_2=&#8220;#FFFFFF&#8220; padding_top_1=&#8220;16vw&#8220; padding_bottom_1=&#8220;16vw&#8220; padding_top_bottom_link_1=&#8220;true&#8220; padding_left_right_link_1=&#8220;false&#8220; admin_label=&#8220;Sektion &#8211; Wolfram Glaser &#8211; fotografie &#038; film&#8220; _builder_version=&#8220;4.27.4&#8243; _module_preset=&#8220;default&#8220; background_color=&#8220;RGBA(255,255,255,0)&#8220; use_background_color_gradient=&#8220;on&#8220; background_color_gradient_direction=&#8220;90deg&#8220; background_color_gradient_stops=&#8220;rgba(0,0,0,0.8) 20%|rgba(0, 0, 0, 0.5) 62%|#ffffff 62%&#8220; background_color_gradient_overlays_image=&#8220;on&#8220; background_image=&#8220;https:\/\/wolframglaser.de\/wp-content\/uploads\/2025\/07\/provinz-sportplaetze-machtlfing-bogenschiessen-01-768&#215;512-1.jpg&#8220; overflow-x=&#8220;hidden&#8220; overflow-y=&#8220;hidden&#8220; custom_padding=&#8220;0vw|0px|0vw||true|false&#8220; locked=&#8220;off&#8220; global_colors_info=&#8220;{}&#8220;][et_pb_column type=&#8220;1_2&#8243; _builder_version=&#8220;4.16&#8243; _module_preset=&#8220;default&#8220; custom_padding=&#8220;|||&#8220; global_colors_info=&#8220;{}&#8220; custom_padding__hover=&#8220;|||&#8220;][et_pb_text admin_label=&#8220;headline &#8211; Wolfram Glaser &#8220; _builder_version=&#8220;4.27.4&#8243; _module_preset=&#8220;c6bc1d56-5ddd-4a5b-8628-8d28c4998ac4&#8243; header_font=&#8220;&#8211;et_global_heading_font|&#8211;et_global_heading_font_weight||on|||||&#8220; header_text_color=&#8220;#FFFFFF&#8220; header_font_size=&#8220;60px&#8220; header_line_height=&#8220;1em&#8220; locked=&#8220;off&#8220; global_colors_info=&#8220;{}&#8220;]<\/p>\n<h1>Wolfram<br \/>Glaser<\/h1>\n<p>[\/et_pb_text][et_pb_image src=&#8220;https:\/\/wolframglaser.de\/wp-content\/uploads\/2025\/07\/logo_wolfram_glaser_0625_weiss_blau_ohne.png&#8220; alt=&#8220;Logo blau &#8211; weiss &#8211; Wolfram Glaser &#8211; fotografie &#038; film&#8220; title_text=&#8220;logo_wolfram_glaser_0625_weiss_blau_ohne&#8220; admin_label=&#8220;Bild &#8211;  Logo &#8211; weiss &#8211; blau Wolfram Glaser &#8211; fotografie &#038; film&#8220; _builder_version=&#8220;4.27.4&#8243; _module_preset=&#8220;default&#8220; width=&#8220;100%&#8220; width_tablet=&#8220;60%&#8220; width_phone=&#8220;66%&#8220; width_last_edited=&#8220;on|tablet&#8220; custom_margin=&#8220;0px|||-22px|false|false&#8220; custom_margin_tablet=&#8220;|||0px|false|false&#8220; custom_margin_phone=&#8220;0px||0px|-10px|false|false&#8220; custom_margin_last_edited=&#8220;on|tablet&#8220; global_colors_info=&#8220;{}&#8220;][\/et_pb_image][\/et_pb_column][et_pb_column type=&#8220;1_2&#8243; specialty_columns=&#8220;2&#8243; _builder_version=&#8220;4.16&#8243; _module_preset=&#8220;default&#8220; custom_padding=&#8220;|||&#8220; global_colors_info=&#8220;{}&#8220; custom_padding__hover=&#8220;|||&#8220;][et_pb_row_inner admin_label=&#8220;Zeile &#8211; Foto &#8211; Dinkelscherben&#8220; _builder_version=&#8220;4.27.4&#8243; _module_preset=&#8220;default&#8220; custom_padding=&#8220;0px||0px|||&#8220; global_colors_info=&#8220;{}&#8220;][et_pb_column_inner saved_specialty_column_type=&#8220;1_2&#8243; _builder_version=&#8220;4.20.0&#8243; _module_preset=&#8220;default&#8220; global_colors_info=&#8220;{}&#8220;][et_pb_image src=&#8220;https:\/\/wolframglaser.de\/wp-content\/uploads\/2025\/07\/2506-elli-014-Bearbeitet.jpg&#8220; alt=&#8220;Portraitfoto &#8211; Anastasia &#8211; Wolfram Glaser &#8211; studio &#038; event fotografie &#038; film&#8220; title_text=&#8220;Elli&#8220; admin_label=&#8220;Foto &#8211; Dinkelscherben&#8220; _builder_version=&#8220;4.27.4&#8243; _module_preset=&#8220;default&#8220; custom_margin=&#8220;|-20vw|||false|false&#8220; locked=&#8220;off&#8220; global_colors_info=&#8220;{}&#8220;][\/et_pb_image][\/et_pb_column_inner][\/et_pb_row_inner][et_pb_row_inner admin_label=&#8220;Zeile &#8211; Fotograf Wolfram Glaser&#8220; _builder_version=&#8220;4.27.4&#8243; _module_preset=&#8220;default&#8220; background_color=&#8220;#FFFFFF&#8220; custom_margin=&#8220;20px|||40px|false|false&#8220; global_colors_info=&#8220;{}&#8220;][et_pb_column_inner saved_specialty_column_type=&#8220;1_2&#8243; _builder_version=&#8220;4.20.0&#8243; _module_preset=&#8220;default&#8220; global_colors_info=&#8220;{}&#8220;][et_pb_text content_tablet=&#8220;<\/p>\n<h1><span>Wolfram Glaser &#8211; <\/span><span>Fotografie<\/span><\/h1>\n<p>&#8220; content_phone=&#8220;<\/p>\n<h1><span>Wolfram Glaser &#8211;<\/span><span>Fotografie<\/span><\/h1>\n<p>&#8220; content_last_edited=&#8220;on|phone&#8220; admin_label=&#8220;Headline &#8211; Wolfram Glaser &#8211; Fotografie&#8220; _builder_version=&#8220;4.27.4&#8243; _module_preset=&#8220;ff26786f-d744-4d15-b37c-6b735fbd9b0f&#8220; text_font=&#8220;&#8211;et_global_body_font|&#8211;et_global_body_font_weight|||||||&#8220; text_font_size=&#8220;19px&#8220; text_line_height=&#8220;1.4em&#8220; header_font=&#8220;&#8211;et_global_heading_font|600||on|||||&#8220; header_font_size=&#8220;28px&#8220; custom_padding_tablet=&#8220;0px||30px|30px|false|false&#8220; custom_padding_phone=&#8220;0px||||false|false&#8220; custom_padding_last_edited=&#8220;off|desktop&#8220; locked=&#8220;off&#8220; global_colors_info=&#8220;{}&#8220;]<\/p>\n<h1><span>Wolfram Glaser &#8211;\u00a0<\/span><span>Fotografie<\/span><\/h1>\n<p>[\/et_pb_text][et_pb_text admin_label=&#8220;Text &#8211; Kurzfassung Fotograf Wolfram Glaser&#8220; _builder_version=&#8220;4.27.4&#8243; _module_preset=&#8220;ff26786f-d744-4d15-b37c-6b735fbd9b0f&#8220; text_font=&#8220;&#8211;et_global_body_font|&#8211;et_global_body_font_weight|||||||&#8220; text_font_size=&#8220;19px&#8220; text_line_height=&#8220;1.4em&#8220; custom_margin_tablet=&#8220;&#8220; custom_margin_phone=&#8220;|30px|||false|false&#8220; custom_margin_last_edited=&#8220;on|phone&#8220; custom_padding_tablet=&#8220;0px||30px|30px|false|false&#8220; custom_padding_phone=&#8220;0px||||false|false&#8220; custom_padding_last_edited=&#8220;off|desktop&#8220; locked=&#8220;off&#8220; global_colors_info=&#8220;{}&#8220;]<\/p>\n<p>Ein paar Fotos<br \/>mit Menschen und Orten<br \/>die gut r\u00fcberkommen wollen<br \/>die ersten kleinen Filme, K\u00fcnstlerportraits<br \/>ein Buch mit Fotos zu Gedichten (nicht von mir)<br \/>ein anderes \u00fcber Lemberg vor dem Krieg<br \/>das ist der Stand der Dinge<\/p>\n<p>&nbsp;<\/p>\n<p>[\/et_pb_text][\/et_pb_column_inner][\/et_pb_row_inner][\/et_pb_column][\/et_pb_section][et_pb_section fb_built=&#8220;1&#8243; admin_label=&#8220;Sektion &#8211; Headline &#8211; Fotoprojekte &#8211; Wolfram Glaser &#8211; Portraits&#8220; _builder_version=&#8220;4.27.4&#8243; _module_preset=&#8220;default&#8220; background_color=&#8220;#5E615D&#8220; locked=&#8220;off&#8220; collapsed=&#8220;off&#8220; global_colors_info=&#8220;{}&#8220;][et_pb_row admin_label=&#8220;Zeile &#8211; Headline &#8211; Wolfram Glaser &#8211; Fotoprojekt &#8211; Portraits&#8220; _builder_version=&#8220;4.27.4&#8243; _module_preset=&#8220;default&#8220; global_colors_info=&#8220;{}&#8220;][et_pb_column type=&#8220;4_4&#8243; _builder_version=&#8220;4.20.0&#8243; _module_preset=&#8220;default&#8220; global_colors_info=&#8220;{}&#8220;][et_pb_text admin_label=&#8220;Headline &#8211; Wolfram Glaser &#8211; Fotoprojekt &#8211; Portraits&#8220; _builder_version=&#8220;4.27.4&#8243; _module_preset=&#8220;c6bc1d56-5ddd-4a5b-8628-8d28c4998ac4&#8243; header_font=&#8220;&#8211;et_global_heading_font|&#8211;et_global_heading_font_weight||on|||||&#8220; header_text_color=&#8220;#FFFFFF&#8220; header_font_size=&#8220;60px&#8220; header_line_height=&#8220;1em&#8220; header_font_size_tablet=&#8220;60px&#8220; header_font_size_phone=&#8220;42px&#8220; header_font_size_last_edited=&#8220;on|phone&#8220; locked=&#8220;off&#8220; global_colors_info=&#8220;{}&#8220;]<\/p>\n<h1>Portraits<\/h1>\n<p>[\/et_pb_text][et_pb_text admin_label=&#8220;Text &#8211; Fotografie &#8211; Portraits&#8220; _builder_version=&#8220;4.27.4&#8243; _module_preset=&#8220;ab642b99-3cbf-494a-be3a-6a6745d114f5&#8243; text_font=&#8220;&#8211;et_global_body_font||||||||&#8220; text_text_color=&#8220;#FFFFFF&#8220; text_font_size=&#8220;19px&#8220; text_line_height=&#8220;1.4em&#8220; header_font=&#8220;&#8211;et_global_heading_font|600|||||||&#8220; header_text_color=&#8220;#FFFFFF&#8220; header_font_size=&#8220;19px&#8220; header_line_height=&#8220;1.4em&#8220; header_2_font=&#8220;&#8211;et_global_heading_font|600|||||||&#8220; header_2_text_color=&#8220;#FFFFFF&#8220; header_2_font_size=&#8220;19px&#8220; header_2_line_height=&#8220;1.4em&#8220; header_font_size_tablet=&#8220;16px&#8220; header_font_size_phone=&#8220;14px&#8220; header_font_size_last_edited=&#8220;on|phone&#8220; locked=&#8220;off&#8220; global_colors_info=&#8220;{}&#8220;]<\/p>\n<p>Im Studio und vor Ort. K\u00fcnstlerinnen und K\u00fcnstler. Gesichter und K\u00f6rper. Empathisch und zugewandt.<\/p>\n<h2><\/h2>\n<p>[\/et_pb_text][\/et_pb_column][\/et_pb_row][et_pb_row admin_label=&#8220;Zeile Galerie &#8211; Portraits&#8220; _builder_version=&#8220;4.27.4&#8243; _module_preset=&#8220;default&#8220; locked=&#8220;off&#8220; global_colors_info=&#8220;{}&#8220;][et_pb_column type=&#8220;4_4&#8243; _builder_version=&#8220;4.27.4&#8243; _module_preset=&#8220;default&#8220; global_colors_info=&#8220;{}&#8220;][et_pb_gallery gallery_ids=&#8220;1354,1492,1491,1489,1490,1488,1486,1485,1484,1483,1482,1481,1480,1479,1478,1477,1476,1475,1474,1473,1472,1494&#8243; posts_number=&#8220;8&#8243; admin_label=&#8220;Galerie &#8211; Portraits&#8220; _builder_version=&#8220;4.27.4&#8243; _module_preset=&#8220;default&#8220; title_font=&#8220;&#8211;et_global_heading_font||||||||&#8220; title_text_color=&#8220;#FFFFFF&#8220; title_font_size=&#8220;16px&#8220; caption_font=&#8220;&#8211;et_global_heading_font||||||||&#8220; caption_text_color=&#8220;RGBA(255,255,255,0)&#8220; caption_font_size=&#8220;15px&#8220; pagination_font=&#8220;&#8211;et_global_heading_font||||||||&#8220; pagination_text_color=&#8220;#FFFFFF&#8220; global_colors_info=&#8220;{}&#8220;][\/et_pb_gallery][\/et_pb_column][\/et_pb_row][\/et_pb_section][et_pb_section fb_built=&#8220;1&#8243; admin_label=&#8220;Sektion &#8211; Kontakt&#8220; _builder_version=&#8220;4.27.4&#8243; _module_preset=&#8220;default&#8220; background_color=&#8220;#000000&#8243; use_background_color_gradient=&#8220;on&#8220; background_color_gradient_direction=&#8220;90deg&#8220; background_color_gradient_stops=&#8220;rgba(0,0,0,0.8) 44%|rgba(0, 0, 0, 0.5) 100%|#ffffff 100%&#8220; background_color_gradient_overlays_image=&#8220;on&#8220; background_image=&#8220;https:\/\/wolframglaser.de\/wp-content\/uploads\/2025\/07\/2104-gauting-041.jpg&#8220; background_position=&#8220;top_center&#8220; locked=&#8220;off&#8220; collapsed=&#8220;off&#8220; global_colors_info=&#8220;{}&#8220;][et_pb_row admin_label=&#8220;Zeile &#8211; Headline &#8211; Wolfram Glaser &#8211; Kontakt&#8220; _builder_version=&#8220;4.27.4&#8243; _module_preset=&#8220;default&#8220; locked=&#8220;off&#8220; global_colors_info=&#8220;{}&#8220;][et_pb_column type=&#8220;4_4&#8243; _builder_version=&#8220;4.20.0&#8243; _module_preset=&#8220;default&#8220; global_colors_info=&#8220;{}&#8220;][et_pb_text admin_label=&#8220;Headline &#8211; Wolfram Glaser &#8211; Kontakt&#8220; _builder_version=&#8220;4.27.4&#8243; _module_preset=&#8220;c6bc1d56-5ddd-4a5b-8628-8d28c4998ac4&#8243; header_font=&#8220;&#8211;et_global_heading_font|&#8211;et_global_heading_font_weight||on|||||&#8220; header_text_color=&#8220;#FFFFFF&#8220; header_font_size=&#8220;53px&#8220; header_line_height=&#8220;1em&#8220; header_font_size_tablet=&#8220;54px&#8220; header_font_size_phone=&#8220;34px&#8220; header_font_size_last_edited=&#8220;on|phone&#8220; locked=&#8220;off&#8220; global_colors_info=&#8220;{}&#8220;]<\/p>\n<h1>Kontakt<\/h1>\n<p>[\/et_pb_text][\/et_pb_column][\/et_pb_row][et_pb_row column_structure=&#8220;1_3,2_3&#8243; admin_label=&#8220;Zeile &#8211; Kontaktdaten&#8220; _builder_version=&#8220;4.27.4&#8243; _module_preset=&#8220;default&#8220; custom_padding=&#8220;||0px||false|false&#8220; global_colors_info=&#8220;{}&#8220;][et_pb_column type=&#8220;1_3&#8243; _builder_version=&#8220;4.20.0&#8243; _module_preset=&#8220;default&#8220; global_colors_info=&#8220;{}&#8220;][et_pb_text admin_label=&#8220;Headline &#8211; Fotograf &#8211; Wolfram Glaser&#8220; _builder_version=&#8220;4.27.4&#8243; _module_preset=&#8220;ff26786f-d744-4d15-b37c-6b735fbd9b0f&#8220; text_font=&#8220;&#8211;et_global_body_font|&#8211;et_global_body_font_weight|||||||&#8220; text_font_size=&#8220;19px&#8220; text_line_height=&#8220;1.4em&#8220; header_font=&#8220;&#8211;et_global_heading_font|||on|||||&#8220; header_text_color=&#8220;#FFFFFF&#8220; header_font_size=&#8220;31px&#8220; custom_padding_tablet=&#8220;0px||30px|30px|false|false&#8220; custom_padding_phone=&#8220;0px||||false|false&#8220; custom_padding_last_edited=&#8220;off|desktop&#8220; header_text_color_tablet=&#8220;#FFFFFF&#8220; header_text_color_phone=&#8220;#FFFFFF&#8220; header_text_color_last_edited=&#8220;on|phone&#8220; header_font_size_tablet=&#8220;31px&#8220; header_font_size_phone=&#8220;26px&#8220; header_font_size_last_edited=&#8220;on|phone&#8220; locked=&#8220;off&#8220; global_colors_info=&#8220;{}&#8220;]<\/p>\n<h1><span>Wolfram Glaser<\/span><\/h1>\n<p>[\/et_pb_text][et_pb_text admin_label=&#8220;Text &#8211; Adressdaten&#8220; _builder_version=&#8220;4.27.4&#8243; _module_preset=&#8220;ab642b99-3cbf-494a-be3a-6a6745d114f5&#8243; text_font=&#8220;&#8211;et_global_body_font|600|||||||&#8220; text_text_color=&#8220;#FFFFFF&#8220; text_font_size=&#8220;19px&#8220; text_line_height=&#8220;1.4em&#8220; header_font=&#8220;&#8211;et_global_heading_font|600|||||||&#8220; header_text_color=&#8220;#FFFFFF&#8220; header_font_size=&#8220;19px&#8220; header_line_height=&#8220;1.4em&#8220; locked=&#8220;off&#8220; global_colors_info=&#8220;{}&#8220;]<\/p>\n<p>Julie-Mayr-Str. 4 \u00b7 82256 F\u00fcrstenfeldbruck<\/p>\n<p>[\/et_pb_text][et_pb_text admin_label=&#8220;Text &#8211; Telefonnummern&#8220; _builder_version=&#8220;4.27.4&#8243; _module_preset=&#8220;ab642b99-3cbf-494a-be3a-6a6745d114f5&#8243; text_font=&#8220;&#8211;et_global_body_font|600|||||||&#8220; text_text_color=&#8220;#FFFFFF&#8220; text_font_size=&#8220;19px&#8220; text_line_height=&#8220;1.4em&#8220; header_font=&#8220;&#8211;et_global_heading_font|600|||||||&#8220; header_text_color=&#8220;#FFFFFF&#8220; header_font_size=&#8220;19px&#8220; header_line_height=&#8220;1.4em&#8220; custom_margin=&#8220;-20px||||false|false&#8220; locked=&#8220;off&#8220; global_colors_info=&#8220;{}&#8220;]<\/p>\n<p>0171-282 77 14<\/p>\n<p>[\/et_pb_text][et_pb_text admin_label=&#8220;Text &#8211;  E-Mail: wolfram-glaser@t-online.de&#8220; _builder_version=&#8220;4.27.4&#8243; _module_preset=&#8220;ab642b99-3cbf-494a-be3a-6a6745d114f5&#8243; text_font=&#8220;&#8211;et_global_body_font|600|||||||&#8220; text_text_color=&#8220;#007EC6&#8243; text_font_size=&#8220;19px&#8220; text_line_height=&#8220;1.4em&#8220; header_font=&#8220;&#8211;et_global_heading_font|600|||||||&#8220; header_text_color=&#8220;#FFFFFF&#8220; header_font_size=&#8220;19px&#8220; header_line_height=&#8220;1.4em&#8220; custom_margin=&#8220;-20px||||false|false&#8220; link_option_url=&#8220;mailto:wolfram-glaser@t-online.de&#8220; locked=&#8220;off&#8220; global_colors_info=&#8220;{}&#8220;]<\/p>\n<p>wolfram-glaser@t-online.de<\/p>\n<p>[\/et_pb_text][et_pb_text admin_label=&#8220;Text &#8211; Domainadresse &#8211; www.wolframglaser.de&#8220; _builder_version=&#8220;4.27.4&#8243; _module_preset=&#8220;ab642b99-3cbf-494a-be3a-6a6745d114f5&#8243; text_font=&#8220;&#8211;et_global_body_font|600|||||||&#8220; text_text_color=&#8220;#FFFFFF&#8220; text_font_size=&#8220;19px&#8220; text_line_height=&#8220;1.4em&#8220; header_font=&#8220;&#8211;et_global_heading_font|600|||||||&#8220; header_text_color=&#8220;#FFFFFF&#8220; header_font_size=&#8220;19px&#8220; header_line_height=&#8220;1.4em&#8220; custom_margin=&#8220;-20px||||false|false&#8220; locked=&#8220;off&#8220; global_colors_info=&#8220;{}&#8220;]<\/p>\n<p>www.wolframglaser.de<\/p>\n<p>[\/et_pb_text][et_pb_image src=&#8220;https:\/\/wolframglaser.de\/wp-content\/uploads\/2025\/07\/logo_wolfram_glaser_0625_weiss_blau_ohne.png&#8220; alt=&#8220;Logo blau &#8211; weiss &#8211; Wolfram Glaser &#8211; fotografie &#038; film&#8220; title_text=&#8220;logo_wolfram_glaser_0625_weiss_blau_ohne&#8220; src_tablet=&#8220;https:\/\/wolframglaser.de\/wp-content\/uploads\/2025\/07\/logo_wolfram_glaser_0625_weiss_blau_ohne.png&#8220; src_phone=&#8220;https:\/\/wolframglaser.de\/wp-content\/uploads\/2025\/07\/logo_wolfram_glaser_0625_weiss_blau_ohne.png&#8220; src_last_edited=&#8220;on|phone&#8220; admin_label=&#8220;Bild &#8211; Logo blau weiss &#8211; Wolfram Glaser &#8211; fotografie &#038; film&#8220; _builder_version=&#8220;4.27.4&#8243; _module_preset=&#8220;default&#8220; global_colors_info=&#8220;{}&#8220;][\/et_pb_image][\/et_pb_column][et_pb_column type=&#8220;2_3&#8243; _builder_version=&#8220;4.20.0&#8243; _module_preset=&#8220;default&#8220; global_colors_info=&#8220;{}&#8220;][et_pb_image src=&#8220;https:\/\/wolframglaser.de\/wp-content\/uploads\/2025\/07\/2506-anastasia-479-Bearbeitet.jpg&#8220; alt=&#8220;Portraitfoto &#8211; Anastasia &#8211; Wolfram Glaser &#8211; studio &#038; event fotografie &#038; film&#8220; title_text=&#8220;Anastasia&#8220; admin_label=&#8220;Fotografie &#8211; Wolfram Glaser &#8211; Portraitfoto &#8211; Anastasia&#8220; _builder_version=&#8220;4.27.4&#8243; _module_preset=&#8220;default&#8220; border_width_all=&#8220;5px&#8220; border_color_all=&#8220;#FFFFFF&#8220; global_colors_info=&#8220;{}&#8220;][\/et_pb_image][\/et_pb_column][\/et_pb_row][et_pb_row column_structure=&#8220;1_2,1_2&#8243; disabled_on=&#8220;off|off|off&#8220; admin_label=&#8220;Zeile &#8211; Button &#8211; Kontakt&#8220; _builder_version=&#8220;4.27.4&#8243; _module_preset=&#8220;default&#8220; custom_margin=&#8220;50px||||false|false&#8220; custom_padding=&#8220;0px||0px|||&#8220; locked=&#8220;off&#8220; global_colors_info=&#8220;{}&#8220;][et_pb_column type=&#8220;1_2&#8243; saved_specialty_column_type=&#8220;1_2&#8243; _builder_version=&#8220;4.20.0&#8243; _module_preset=&#8220;default&#8220; global_colors_info=&#8220;{}&#8220;][\/et_pb_column][et_pb_column type=&#8220;1_2&#8243; saved_specialty_column_type=&#8220;1_2&#8243; _builder_version=&#8220;4.20.0&#8243; _module_preset=&#8220;default&#8220; global_colors_info=&#8220;{}&#8220;][et_pb_button button_url=&#8220;mailto:wolfram-glaser@t-online.de&#8220; button_text=&#8220;Kontakt&#8220; button_alignment=&#8220;right&#8220; admin_label=&#8220;Button &#8211; Kontakt&#8220; _builder_version=&#8220;4.27.4&#8243; _module_preset=&#8220;f32af4d2-1eff-4fbb-8931-003f09218bf8&#8243; button_text_size=&#8220;17px&#8220; button_bg_color=&#8220;#007EC6&#8243; button_font=&#8220;&#8211;et_global_body_font|600||on|||||&#8220; button_use_icon=&#8220;off&#8220; locked=&#8220;off&#8220; global_colors_info=&#8220;{}&#8220;][\/et_pb_button][\/et_pb_column][\/et_pb_row][\/et_pb_section]<\/p>\n","protected":false},"excerpt":{"rendered":"<p>WolframGlaserWolfram Glaser &#8211;\u00a0FotografieEin paar Fotosmit Menschen und Ortendie gut r\u00fcberkommen wollendie ersten kleinen Filme, K\u00fcnstlerportraitsein Buch mit Fotos zu Gedichten (nicht von mir)ein anderes \u00fcber Lemberg vor dem Kriegdas ist der Stand der Dinge &nbsp;PortraitsIm Studio und vor Ort. K\u00fcnstlerinnen und K\u00fcnstler. Gesichter und K\u00f6rper. Empathisch und zugewandt. KontaktWolfram GlaserJulie-Mayr-Str. 4 \u00b7 82256 F\u00fcrstenfeldbruck0171-282 77 [&hellip;]<\/p>\n","protected":false},"author":1,"featured_media":0,"parent":41,"menu_order":0,"comment_status":"closed","ping_status":"closed","template":"","meta":{"_et_pb_use_builder":"on","_et_pb_old_content":"","_et_gb_content_width":"","footnotes":""},"class_list":["post-667","page","type-page","status-publish","hentry"],"_links":{"self":[{"href":"https:\/\/www.wolframglaser.de\/index.php?rest_route=\/wp\/v2\/pages\/667","targetHints":{"allow":["GET"]}}],"collection":[{"href":"https:\/\/www.wolframglaser.de\/index.php?rest_route=\/wp\/v2\/pages"}],"about":[{"href":"https:\/\/www.wolframglaser.de\/index.php?rest_route=\/wp\/v2\/types\/page"}],"author":[{"embeddable":true,"href":"https:\/\/www.wolframglaser.de\/index.php?rest_route=\/wp\/v2\/users\/1"}],"replies":[{"embeddable":true,"href":"https:\/\/www.wolframglaser.de\/index.php?rest_route=%2Fwp%2Fv2%2Fcomments&post=667"}],"version-history":[{"count":53,"href":"https:\/\/www.wolframglaser.de\/index.php?rest_route=\/wp\/v2\/pages\/667\/revisions"}],"predecessor-version":[{"id":1575,"href":"https:\/\/www.wolframglaser.de\/index.php?rest_route=\/wp\/v2\/pages\/667\/revisions\/1575"}],"up":[{"embeddable":true,"href":"https:\/\/www.wolframglaser.de\/index.php?rest_route=\/wp\/v2\/pages\/41"}],"wp:attachment":[{"href":"https:\/\/www.wolframglaser.de\/index.php?rest_route=%2Fwp%2Fv2%2Fmedia&parent=667"}],"curies":[{"name":"wp","href":"https:\/\/api.w.org\/{rel}","templated":true}]}}